{"id":7422,"date":"2021-02-18T15:31:51","date_gmt":"2021-02-18T15:31:51","guid":{"rendered":"https:\/\/social-market.pl\/?post_type=product&#038;p=7422"},"modified":"2024-10-12T17:42:58","modified_gmt":"2024-10-12T15:42:58","slug":"lajki-like-linkedin","status":"publish","type":"product","link":"https:\/\/social-market.pl\/ro\/lajki-like-linkedin\/","title":{"rendered":"LinkedIn place"},"content":{"rendered":"<h2 style=\"text-align: center;\">Dlaczego warto kupi\u0107 lajki (like) LinkedIn?<\/h2>\n<p>LinkedIn to najlepszy serwis spo\u0142eczno\u015bciowy stworzony z my\u015bl\u0105 o biznesie. Dzi\u0119ki niemu mo\u017cesz rozwija\u0107 swoje kontakty, nawi\u0105zywa\u0107 nowe i poznawa\u0107 ludzi z bran\u017cy. Ogromna liczba firm publikuje codzienne tre\u015bci, udost\u0119pnia informacje o swojej marce i og\u0142asza wolne stanowiska pracy. Do\u0142\u0105cz do grona u\u017cytkownik\u00f3w LinkedIn i zwi\u0119ksz swoje szanse na udany biznes. Lajki (like) LinkedIn pochodz\u0105 z ca\u0142ego \u015bwiata!<\/p>\n<p>&nbsp;<\/p>\n<h2 style=\"text-align: center;\">Jak kupowa\u0107 lajki (like) LinkedIn?<\/h2>\n<p>Teraz, gdy znasz ju\u017c szczeg\u00f3\u0142y naszych us\u0142ug i wiesz dlaczego powiniene\u015b z nich skorzysta\u0107, poka\u017cemy Ci jak to zrobi\u0107. Post\u0119puj zgodnie z naszym przewodnikiem krok po kroku, aby pomy\u015blnie zako\u0144czy\u0107 p\u0142atno\u015b\u0107. Oto kroki:<\/p>\n<p>1. Wybierz interesuj\u0105cy Ci\u0119 pakiet.<\/p>\n<p>2. Wklej adres URL w wyznaczonym polu.<\/p>\n<p>3. Zap\u0142a\u0107 online za pomoc\u0105 najbezpieczniejszych dost\u0119pnych metod p\u0142atno\u015bci. Po otrzymaniu Twojej transakcji natychmiast rozpoczniemy realizacj\u0119 zam\u00f3wienia.<\/p>\n<p>&nbsp;<\/p>\n<h2 style=\"text-align: center;\">Dlaczego Social-Market.pl?<\/h2>\n<p>Social-Market.pl to miejsce, w kt\u00f3rym dokonasz w pe\u0142ni bezpiecznego i pewnego zakupu. Ca\u0142y proces zakupu jest dziecinnie prosty, jednak zdajemy sobie spraw\u0119 z nieoczekiwanych problem\u00f3w. Dlatego bez obaw \u2013 jeste\u015bmy do Twojej dyspozycji 24\/7 i zapewniamy pomoc na ka\u017cdym kroku.<\/p>","protected":false},"excerpt":{"rendered":"<p>Dlaczego warto kupi\u0107 lajki (like) LinkedIn? LinkedIn to najlepszy serwis spo\u0142eczno\u015bciowy stworzony z my\u015bl\u0105 o biznesie. Dzi\u0119ki niemu mo\u017cesz rozwija\u0107 swoje kontakty, nawi\u0105zywa\u0107 nowe i poznawa\u0107 ludzi z bran\u017cy. Ogromna liczba firm publikuje codzienne tre\u015bci, udost\u0119pnia informacje o swojej marce i og\u0142asza wolne stanowiska pracy. Do\u0142\u0105cz do grona u\u017cytkownik\u00f3w LinkedIn i zwi\u0119ksz swoje szanse na [&hellip;]<\/p>","protected":false},"featured_media":7423,"comment_status":"open","ping_status":"closed","template":"","meta":[],"product_brand":[],"product_cat":[103],"product_tag":[],"class_list":{"0":"post-7422","1":"product","2":"type-product","3":"status-publish","4":"has-post-thumbnail","6":"product_cat-linkedin","8":"first","9":"instock","10":"sale","11":"taxable","12":"shipping-taxable","13":"purchasable","14":"product-type-variable"},"_links":{"self":[{"href":"https:\/\/social-market.pl\/ro\/wp-json\/wp\/v2\/product\/7422","targetHints":{"allow":["GET"]}}],"collection":[{"href":"https:\/\/social-market.pl\/ro\/wp-json\/wp\/v2\/product"}],"about":[{"href":"https:\/\/social-market.pl\/ro\/wp-json\/wp\/v2\/types\/product"}],"replies":[{"embeddable":true,"href":"https:\/\/social-market.pl\/ro\/wp-json\/wp\/v2\/comments?post=7422"}],"wp:featuredmedia":[{"embeddable":true,"href":"https:\/\/social-market.pl\/ro\/wp-json\/wp\/v2\/media\/7423"}],"wp:attachment":[{"href":"https:\/\/social-market.pl\/ro\/wp-json\/wp\/v2\/media?parent=7422"}],"wp:term":[{"taxonomy":"product_brand","embeddable":true,"href":"https:\/\/social-market.pl\/ro\/wp-json\/wp\/v2\/product_brand?post=7422"},{"taxonomy":"product_cat","embeddable":true,"href":"https:\/\/social-market.pl\/ro\/wp-json\/wp\/v2\/product_cat?post=7422"},{"taxonomy":"product_tag","embeddable":true,"href":"https:\/\/social-market.pl\/ro\/wp-json\/wp\/v2\/product_tag?post=7422"}],"curies":[{"name":"wp","href":"https:\/\/api.w.org\/{rel}","templated":true}]}}