{"id":7488,"date":"2021-02-18T16:21:07","date_gmt":"2021-02-18T16:21:07","guid":{"rendered":"https:\/\/social-market.pl\/?post_type=product&#038;p=7488"},"modified":"2026-02-23T20:15:49","modified_gmt":"2026-02-23T19:15:49","slug":"odtworzenia-na-spotify","status":"publish","type":"product","link":"https:\/\/social-market.pl\/ro\/odtworzenia-na-spotify\/","title":{"rendered":"Redare pe Spotify"},"content":{"rendered":"<h2 style=\"text-align: center\">Dlaczego warto kupi\u0107 odtworzenia na Spotify?<\/h2>\n<p>Spotify to najwy\u017cej oceniana platforma do przesy\u0142ania muzyki. Mo\u017ce pochwali\u0107 si\u0119 96 milionami subskrybent\u00f3w i 170 milionami u\u017cytkownik\u00f3w. Spotify pozwala na udost\u0119pnianie swoich piosenek fanom i zwi\u0119kszanie popularno\u015bci w bran\u017cy muzycznej. Je\u015bli Twoja muzyka jest wysokiej jako\u015bci, przy odrobinie szcz\u0119\u015bcia zostaniesz zauwa\u017cony. Pom\u00f3\u017c swojemu szcz\u0119\u015bciu troch\u0119 bardziej i zwi\u0119ksz swoje szanse dzi\u0119ki naszym us\u0142ugom, a Twoje utwory z pewno\u015bci\u0105 stan\u0105 si\u0119 hitami. Odtworzenia na Spotify pochodz\u0105 z ca\u0142ego \u015bwiata!<\/p>\n<p>&nbsp;<\/p>\n<h2 style=\"text-align: center\">Jak kupowa\u0107 odtworzenia na Spotify?<\/h2>\n<p>Teraz, gdy znasz ju\u017c szczeg\u00f3\u0142y naszych us\u0142ug i wiesz dlaczego powiniene\u015b z nich skorzysta\u0107, poka\u017cemy Ci jak to zrobi\u0107. Post\u0119puj zgodnie z naszym przewodnikiem krok po kroku, aby pomy\u015blnie zako\u0144czy\u0107 p\u0142atno\u015b\u0107. Oto kroki:<\/p>\n<p>1. Wybierz interesuj\u0105cy Ci\u0119 pakiet.<\/p>\n<p>2. Wklej adres URL w wyznaczonym polu.<\/p>\n<p>3. Zap\u0142a\u0107 online za pomoc\u0105 najbezpieczniejszych dost\u0119pnych metod p\u0142atno\u015bci. Po otrzymaniu Twojej transakcji natychmiast rozpoczniemy realizacj\u0119 zam\u00f3wienia.<\/p>\n<p>&nbsp;<\/p>\n<h2 style=\"text-align: center\">Dlaczego Social-Market.pl?<\/h2>\n<p>Social-Market.pl to miejsce, w kt\u00f3rym dokonasz w pe\u0142ni bezpiecznego i pewnego zakupu. Ca\u0142y proces zakupu jest dziecinnie prosty, jednak zdajemy sobie spraw\u0119 z nieoczekiwanych problem\u00f3w. Dlatego bez obaw \u2013 jeste\u015bmy do Twojej dyspozycji 24\/7 i zapewniamy pomoc na ka\u017cdym kroku.<\/p>","protected":false},"excerpt":{"rendered":"<p>Wzrost o wybran\u0105 liczb\u0119 odtworze\u0144 materia\u0142u na Spotify<\/p>","protected":false},"featured_media":7489,"comment_status":"open","ping_status":"closed","template":"","meta":[],"product_brand":[],"product_cat":[106],"product_tag":[],"class_list":{"0":"post-7488","1":"product","2":"type-product","3":"status-publish","4":"has-post-thumbnail","6":"product_cat-spotify","8":"first","9":"outofstock","10":"sale","11":"taxable","12":"shipping-taxable","13":"purchasable","14":"product-type-variable"},"_links":{"self":[{"href":"https:\/\/social-market.pl\/ro\/wp-json\/wp\/v2\/product\/7488","targetHints":{"allow":["GET"]}}],"collection":[{"href":"https:\/\/social-market.pl\/ro\/wp-json\/wp\/v2\/product"}],"about":[{"href":"https:\/\/social-market.pl\/ro\/wp-json\/wp\/v2\/types\/product"}],"replies":[{"embeddable":true,"href":"https:\/\/social-market.pl\/ro\/wp-json\/wp\/v2\/comments?post=7488"}],"wp:featuredmedia":[{"embeddable":true,"href":"https:\/\/social-market.pl\/ro\/wp-json\/wp\/v2\/media\/7489"}],"wp:attachment":[{"href":"https:\/\/social-market.pl\/ro\/wp-json\/wp\/v2\/media?parent=7488"}],"wp:term":[{"taxonomy":"product_brand","embeddable":true,"href":"https:\/\/social-market.pl\/ro\/wp-json\/wp\/v2\/product_brand?post=7488"},{"taxonomy":"product_cat","embeddable":true,"href":"https:\/\/social-market.pl\/ro\/wp-json\/wp\/v2\/product_cat?post=7488"},{"taxonomy":"product_tag","embeddable":true,"href":"https:\/\/social-market.pl\/ro\/wp-json\/wp\/v2\/product_tag?post=7488"}],"curies":[{"name":"wp","href":"https:\/\/api.w.org\/{rel}","templated":true}]}}