{"id":9588,"date":"2025-06-11T21:32:48","date_gmt":"2025-06-11T19:32:48","guid":{"rendered":"https:\/\/social-market.pl\/?post_type=product&#038;p=9588"},"modified":"2026-02-23T19:52:48","modified_gmt":"2026-02-23T18:52:48","slug":"youtube-subskrypcje-realni-uzytkownicy-europa","status":"publish","type":"product","link":"https:\/\/social-market.pl\/ro\/youtube-subskrypcje-realni-uzytkownicy-europa\/","title":{"rendered":"Youtube subskrypcje &#8211; realni u\u017cytkownicy Europa"},"content":{"rendered":"<p>Rozwijaj sw\u00f3j kana\u0142 na YouTube z pomoc\u0105 realnych subskrypcji od u\u017cytkownik\u00f3w z Europy! Nasza us\u0142uga YouTube Subskrypcje \u2013 Realni U\u017cytkownicy Europa to idealne rozwi\u0105zanie dla tw\u00f3rc\u00f3w, marek i firm, kt\u00f3re chc\u0105 zwi\u0119kszy\u0107 swoj\u0105 widoczno\u015b\u0107 na rynkach europejskich i budowa\u0107 kana\u0142 w spos\u00f3b wiarygodny i atrakcyjny dla nowych widz\u00f3w.<\/p>\n<p>Wybierz subskrypcje od u\u017cytkownik\u00f3w z:<\/p>\n<p>DE (Niemcy) \u2013 jeden z najwi\u0119kszych i najbardziej zaanga\u017cowanych rynk\u00f3w YouTube w Europie.<\/p>\n<p>FR (Francja) \u2013 idealny dla kana\u0142\u00f3w francuskoj\u0119zycznych i mi\u0119dzynarodowych marek.<\/p>\n<p>Dzi\u0119ki tej us\u0142udze:<\/p>\n<p>Zyskasz realnych subskrybent\u00f3w z wybranego kraju.<\/p>\n<p>Poprawisz ranking i zasi\u0119g kana\u0142u w europejskich algorytmach YouTube.<\/p>\n<p>Zwi\u0119kszysz zaufanie nowych widz\u00f3w i potencjalnych partner\u00f3w biznesowych.<\/p>\n<p>Subskrypcje pochodz\u0105 z aktywnych kont, s\u0105 bezpieczne, trwa\u0142e i zgodne z wytycznymi YouTube. Nie wymagamy logowania \u2013 wystarczy link do Twojego kana\u0142u.<\/p>","protected":false},"excerpt":{"rendered":"<p>Zdob\u0105d\u017a realnych subskrybent\u00f3w z Niemiec i Francji \u2013 zwi\u0119ksz zasi\u0119g i wiarygodno\u015b\u0107 swojego kana\u0142u na europejskim rynku YouTube!<\/p>","protected":false},"featured_media":9600,"comment_status":"open","ping_status":"closed","template":"","meta":[],"product_brand":[],"product_cat":[93],"product_tag":[],"class_list":{"0":"post-9588","1":"product","2":"type-product","3":"status-publish","4":"has-post-thumbnail","6":"product_cat-youtube","8":"first","9":"outofstock","10":"sale","11":"taxable","12":"shipping-taxable","13":"purchasable","14":"product-type-variable"},"_links":{"self":[{"href":"https:\/\/social-market.pl\/ro\/wp-json\/wp\/v2\/product\/9588","targetHints":{"allow":["GET"]}}],"collection":[{"href":"https:\/\/social-market.pl\/ro\/wp-json\/wp\/v2\/product"}],"about":[{"href":"https:\/\/social-market.pl\/ro\/wp-json\/wp\/v2\/types\/product"}],"replies":[{"embeddable":true,"href":"https:\/\/social-market.pl\/ro\/wp-json\/wp\/v2\/comments?post=9588"}],"wp:featuredmedia":[{"embeddable":true,"href":"https:\/\/social-market.pl\/ro\/wp-json\/wp\/v2\/media\/9600"}],"wp:attachment":[{"href":"https:\/\/social-market.pl\/ro\/wp-json\/wp\/v2\/media?parent=9588"}],"wp:term":[{"taxonomy":"product_brand","embeddable":true,"href":"https:\/\/social-market.pl\/ro\/wp-json\/wp\/v2\/product_brand?post=9588"},{"taxonomy":"product_cat","embeddable":true,"href":"https:\/\/social-market.pl\/ro\/wp-json\/wp\/v2\/product_cat?post=9588"},{"taxonomy":"product_tag","embeddable":true,"href":"https:\/\/social-market.pl\/ro\/wp-json\/wp\/v2\/product_tag?post=9588"}],"curies":[{"name":"wp","href":"https:\/\/api.w.org\/{rel}","templated":true}]}}