{"id":9632,"date":"2025-06-11T21:37:35","date_gmt":"2025-06-11T19:37:35","guid":{"rendered":"https:\/\/social-market.pl\/?post_type=product&#038;p=9632"},"modified":"2025-06-11T22:01:26","modified_gmt":"2025-06-11T20:01:26","slug":"telegram-losowe-komentarze-angielskie","status":"publish","type":"product","link":"https:\/\/social-market.pl\/ro\/telegram-losowe-komentarze-angielskie\/","title":{"rendered":"Telegram losowe komentarze (angielskie)"},"content":{"rendered":"<p>Zwi\u0119ksz autentyczno\u015b\u0107 i aktywno\u015b\u0107 pod swoimi postami dzi\u0119ki us\u0142udze Telegram \u2013 Losowe Komentarze (angielskie). Komentarze s\u0105 jednym z kluczowych element\u00f3w budowania zaanga\u017cowania i zaufania w kana\u0142ach i grupach Telegram, szczeg\u00f3lnie w \u015brodowiskach mi\u0119dzynarodowych, takich jak projekty kryptowalutowe, NFT, e-commerce czy spo\u0142eczno\u015bci tematyczne.<\/p>\n<p>W ramach tej us\u0142ugi otrzymujesz:<\/p>\n<p>Losowe, naturalnie wygl\u0105daj\u0105ce komentarze w j\u0119zyku angielskim,<\/p>\n<p>\u200d Komentarze dodawane przez realnych u\u017cytkownik\u00f3w lub realistyczne konta,<\/p>\n<p>Bezpieczne tempo publikacji \u2013 bez ryzyka spamu,<\/p>\n<p>\u2705 Mo\u017cliwo\u015b\u0107 komentowania post\u00f3w w kana\u0142ach lub wiadomo\u015bci w grupach.<\/p>\n<p>Doskona\u0142e dla:<\/p>\n<p>Projekt\u00f3w kierowanych do mi\u0119dzynarodowej spo\u0142eczno\u015bci,<\/p>\n<p>Kana\u0142\u00f3w promuj\u0105cych produkty, aplikacje lub tre\u015bci edukacyjne,<\/p>\n<p>Wzmocnienia tzw. efektu \u201e\u017cyj\u0105cej\u201d spo\u0142eczno\u015bci wok\u00f3\u0142 kana\u0142u.<\/p>\n<p>Dlaczego warto?<\/p>\n<p>Komentarze buduj\u0105 wiarygodno\u015b\u0107 i zach\u0119caj\u0105 do dalszego dialogu,<\/p>\n<p>Pozytywnie wp\u0142ywaj\u0105 na ocen\u0119 projektu przez nowych u\u017cytkownik\u00f3w,<\/p>\n<p>Wspieraj\u0105 dzia\u0142ania marketingowe i virale w mi\u0119dzynarodowym \u015brodowisku.<\/p>","protected":false},"excerpt":{"rendered":"<p>Zdob\u0105d\u017a naturalne angielskie komentarze pod postami Telegram \u2013 zwi\u0119ksz zaanga\u017cowanie i wiarygodno\u015b\u0107 Twojego kana\u0142u!<\/p>","protected":false},"featured_media":9658,"comment_status":"open","ping_status":"closed","template":"","meta":[],"product_brand":[],"product_cat":[104],"product_tag":[],"class_list":{"0":"post-9632","1":"product","2":"type-product","3":"status-publish","4":"has-post-thumbnail","6":"product_cat-telegram","8":"first","9":"instock","10":"sale","11":"taxable","12":"shipping-taxable","13":"purchasable","14":"product-type-variable"},"_links":{"self":[{"href":"https:\/\/social-market.pl\/ro\/wp-json\/wp\/v2\/product\/9632","targetHints":{"allow":["GET"]}}],"collection":[{"href":"https:\/\/social-market.pl\/ro\/wp-json\/wp\/v2\/product"}],"about":[{"href":"https:\/\/social-market.pl\/ro\/wp-json\/wp\/v2\/types\/product"}],"replies":[{"embeddable":true,"href":"https:\/\/social-market.pl\/ro\/wp-json\/wp\/v2\/comments?post=9632"}],"wp:featuredmedia":[{"embeddable":true,"href":"https:\/\/social-market.pl\/ro\/wp-json\/wp\/v2\/media\/9658"}],"wp:attachment":[{"href":"https:\/\/social-market.pl\/ro\/wp-json\/wp\/v2\/media?parent=9632"}],"wp:term":[{"taxonomy":"product_brand","embeddable":true,"href":"https:\/\/social-market.pl\/ro\/wp-json\/wp\/v2\/product_brand?post=9632"},{"taxonomy":"product_cat","embeddable":true,"href":"https:\/\/social-market.pl\/ro\/wp-json\/wp\/v2\/product_cat?post=9632"},{"taxonomy":"product_tag","embeddable":true,"href":"https:\/\/social-market.pl\/ro\/wp-json\/wp\/v2\/product_tag?post=9632"}],"curies":[{"name":"wp","href":"https:\/\/api.w.org\/{rel}","templated":true}]}}