{"id":9639,"date":"2025-06-11T21:38:45","date_gmt":"2025-06-11T19:38:45","guid":{"rendered":"https:\/\/social-market.pl\/?post_type=product&#038;p=9639"},"modified":"2025-06-11T22:01:31","modified_gmt":"2025-06-11T20:01:31","slug":"snapchat-udostepnienia-spotlight-explore","status":"publish","type":"product","link":"https:\/\/social-market.pl\/ro\/snapchat-udostepnienia-spotlight-explore\/","title":{"rendered":"Snapchat udost\u0119pnienia &#8211; spotlight explore"},"content":{"rendered":"<p>Zwi\u0119ksz zasi\u0119g i widoczno\u015b\u0107 swoich tre\u015bci dzi\u0119ki us\u0142udze Snapchat \u2013 Udost\u0119pnienia (Spotlight \/ Explore). To idealne narz\u0119dzie dla tw\u00f3rc\u00f3w, influencer\u00f3w i marek, kt\u00f3rzy chc\u0105 wypromowa\u0107 sw\u00f3j content w sekcji Snapchat Spotlight lub zak\u0142adce Explore, gdzie pojawiaj\u0105 si\u0119 najciekawsze i najbardziej wirusowe tre\u015bci.<\/p>\n<p>Nasza us\u0142uga obejmuje:<\/p>\n<p>Realne udost\u0119pnienia Twojego Snapchata przez aktywne konta,<\/p>\n<p>Zwi\u0119kszenie szans na dotarcie do strony g\u0142\u00f3wnej Spotlight \/ Explore,<\/p>\n<p>Wi\u0119kszy zasi\u0119g organiczny dzi\u0119ki algorytmowi Snapchata promuj\u0105cemu popularne tre\u015bci,<\/p>\n<p>\u26a1 Naturalne tempo i bezpieczna realizacja \u2013 bez ryzyka filtr\u00f3w lub blokad.<\/p>\n<p>Doskona\u0142e dla:<\/p>\n<p>Tw\u00f3rc\u00f3w chc\u0105cych wej\u015b\u0107 viralem na Snapchacie,<\/p>\n<p>Kont marek i produkt\u00f3w potrzebuj\u0105cych natychmiastowego zasi\u0119gu,<\/p>\n<p>Promocji kampanii, wydarze\u0144, UGC, tre\u015bci komercyjnych lub lifestylowych.<\/p>\n<p>Dlaczego warto?<\/p>\n<p>Udost\u0119pnienia s\u0105 sygna\u0142em zaanga\u017cowania \u2013 algorytmy traktuj\u0105 je priorytetowo,<\/p>\n<p>Tre\u015bci ze zwi\u0119kszon\u0105 liczb\u0105 udost\u0119pnie\u0144 szybciej trafiaj\u0105 do nowych u\u017cytkownik\u00f3w,<\/p>\n<p>Zwi\u0119kszasz szanse na zdobycie followers\u00f3w, klikni\u0119\u0107 i reakcji.<\/p>","protected":false},"excerpt":{"rendered":"<p>Zyskaj realne udost\u0119pnienia w Snapchat Spotlight\/Explore \u2013 zwi\u0119ksz zasi\u0119g i szans\u0119 na viral!<\/p>","protected":false},"featured_media":9670,"comment_status":"open","ping_status":"closed","template":"","meta":[],"product_brand":[],"product_cat":[114],"product_tag":[],"class_list":{"0":"post-9639","1":"product","2":"type-product","3":"status-publish","4":"has-post-thumbnail","6":"product_cat-snapchat","8":"first","9":"instock","10":"sale","11":"taxable","12":"shipping-taxable","13":"purchasable","14":"product-type-variable"},"_links":{"self":[{"href":"https:\/\/social-market.pl\/ro\/wp-json\/wp\/v2\/product\/9639","targetHints":{"allow":["GET"]}}],"collection":[{"href":"https:\/\/social-market.pl\/ro\/wp-json\/wp\/v2\/product"}],"about":[{"href":"https:\/\/social-market.pl\/ro\/wp-json\/wp\/v2\/types\/product"}],"replies":[{"embeddable":true,"href":"https:\/\/social-market.pl\/ro\/wp-json\/wp\/v2\/comments?post=9639"}],"wp:featuredmedia":[{"embeddable":true,"href":"https:\/\/social-market.pl\/ro\/wp-json\/wp\/v2\/media\/9670"}],"wp:attachment":[{"href":"https:\/\/social-market.pl\/ro\/wp-json\/wp\/v2\/media?parent=9639"}],"wp:term":[{"taxonomy":"product_brand","embeddable":true,"href":"https:\/\/social-market.pl\/ro\/wp-json\/wp\/v2\/product_brand?post=9639"},{"taxonomy":"product_cat","embeddable":true,"href":"https:\/\/social-market.pl\/ro\/wp-json\/wp\/v2\/product_cat?post=9639"},{"taxonomy":"product_tag","embeddable":true,"href":"https:\/\/social-market.pl\/ro\/wp-json\/wp\/v2\/product_tag?post=9639"}],"curies":[{"name":"wp","href":"https:\/\/api.w.org\/{rel}","templated":true}]}}