{"id":12706,"date":"2025-06-12T11:46:43","date_gmt":"2025-06-12T09:46:43","guid":{"rendered":"https:\/\/social-market.pl\/?post_type=product&#038;p=12706"},"modified":"2025-06-12T13:09:55","modified_gmt":"2025-06-12T11:09:55","slug":"wejscia-na-strone-internetowa-polska","status":"publish","type":"product","link":"https:\/\/social-market.pl\/tr\/wejscia-na-strone-internetowa-polska\/","title":{"rendered":"Wej\u015bcia na stron\u0119 internetow\u0105 &#8211; Polska"},"content":{"rendered":"<p>Zwi\u0119ksz ruch na swojej stronie internetowej dzi\u0119ki us\u0142udze Wej\u015bcia na stron\u0119 \u2013 Polska. To skuteczne narz\u0119dzie dla firm, bloger\u00f3w, w\u0142a\u015bcicieli sklep\u00f3w online i marketer\u00f3w, kt\u00f3rzy chc\u0105 poprawi\u0107 statystyki, zbudowa\u0107 wiarygodno\u015b\u0107 lub przetestowa\u0107 konwersje.<\/p>\n<p>Co otrzymujesz:<\/p>\n<p>Realne wej\u015bcia z polskich adres\u00f3w IP,<\/p>\n<p>Ruch dostarczany z r\u00f3\u017cnych urz\u0105dze\u0144 (mobile\/desktop),<\/p>\n<p>Mo\u017cliwo\u015b\u0107 targetowania wed\u0142ug miasta lub \u017ar\u00f3d\u0142a (np. social media, direct, organic \u2013 na \u017cyczenie),<\/p>\n<p>Bezpieczna i naturalna realizacja \u2013 brak ryzyka dla Google Analytics, Facebook Pixel czy innych narz\u0119dzi analitycznych.<\/p>\n<p>Idealne dla:<\/p>\n<p>W\u0142a\u015bcicieli e-commerce chc\u0105cych poprawi\u0107 dane o odwiedzalno\u015bci,<\/p>\n<p>SEO-wc\u00f3w testuj\u0105cych wp\u0142yw ruchu na ranking,<\/p>\n<p>Tw\u00f3rc\u00f3w potrzebuj\u0105cych lepszych statystyk do wsp\u00f3\u0142prac i sprzeda\u017cy.<\/p>\n<p>Dlaczego warto?<\/p>\n<p>Lepsze statystyki \u2192 wi\u0119ksze zaufanie klient\u00f3w i reklamodawc\u00f3w,<\/p>\n<p>Poprawa jako\u015bci danych w Google Analytics i Search Console,<\/p>\n<p>Mo\u017cliwo\u015b\u0107 symulowania popularno\u015bci w social proof (hotjar, livechat, popupy itp.).<\/p>","protected":false},"excerpt":{"rendered":"<p>Zwi\u0119ksz ruch na stronie \u2013 realni u\u017cytkownicy z Polski, bezpieczne i wiarygodne wej\u015bcia dla lepszych statystyk!<\/p>","protected":false},"featured_media":13175,"comment_status":"open","ping_status":"closed","template":"","meta":[],"product_brand":[],"product_cat":[116],"product_tag":[],"class_list":{"0":"post-12706","1":"product","2":"type-product","3":"status-publish","4":"has-post-thumbnail","6":"product_cat-www","8":"first","9":"instock","10":"sale","11":"taxable","12":"shipping-taxable","13":"purchasable","14":"product-type-variable"},"_links":{"self":[{"href":"https:\/\/social-market.pl\/tr\/wp-json\/wp\/v2\/product\/12706","targetHints":{"allow":["GET"]}}],"collection":[{"href":"https:\/\/social-market.pl\/tr\/wp-json\/wp\/v2\/product"}],"about":[{"href":"https:\/\/social-market.pl\/tr\/wp-json\/wp\/v2\/types\/product"}],"replies":[{"embeddable":true,"href":"https:\/\/social-market.pl\/tr\/wp-json\/wp\/v2\/comments?post=12706"}],"wp:featuredmedia":[{"embeddable":true,"href":"https:\/\/social-market.pl\/tr\/wp-json\/wp\/v2\/media\/13175"}],"wp:attachment":[{"href":"https:\/\/social-market.pl\/tr\/wp-json\/wp\/v2\/media?parent=12706"}],"wp:term":[{"taxonomy":"product_brand","embeddable":true,"href":"https:\/\/social-market.pl\/tr\/wp-json\/wp\/v2\/product_brand?post=12706"},{"taxonomy":"product_cat","embeddable":true,"href":"https:\/\/social-market.pl\/tr\/wp-json\/wp\/v2\/product_cat?post=12706"},{"taxonomy":"product_tag","embeddable":true,"href":"https:\/\/social-market.pl\/tr\/wp-json\/wp\/v2\/product_tag?post=12706"}],"curies":[{"name":"wp","href":"https:\/\/api.w.org\/{rel}","templated":true}]}}