{"id":12716,"date":"2025-06-12T11:46:45","date_gmt":"2025-06-12T09:46:45","guid":{"rendered":"https:\/\/social-market.pl\/?post_type=product&#038;p=12716"},"modified":"2025-06-12T12:19:39","modified_gmt":"2025-06-12T10:19:39","slug":"tidal-odtworzenia-playlisty","status":"publish","type":"product","link":"https:\/\/social-market.pl\/tr\/tidal-odtworzenia-playlisty\/","title":{"rendered":"Tidal odtworzenia Playlisty"},"content":{"rendered":"<p>Zwi\u0119ksz widoczno\u015b\u0107 i warto\u015b\u0107 swojej playlisty dzi\u0119ki us\u0142udze Tidal \u2013 Odtworzenia Playlisty. Playlista z du\u017c\u0105 liczb\u0105 odtworze\u0144 buduje zaufanie, lepiej si\u0119 pozycjonuje w algorytmach platformy i przyci\u0105ga organicznych s\u0142uchaczy. To idealne rozwi\u0105zanie zar\u00f3wno dla tw\u00f3rc\u00f3w, jak i dla marek, kt\u00f3re chc\u0105 wzmocni\u0107 obecno\u015b\u0107 muzyczn\u0105 na platformie premium.<\/p>\n<p>Co zawiera ta us\u0142uga:<\/p>\n<p>\u25b6\ufe0f Realne odtworzenia Twojej playlisty na Tidal,<\/p>\n<p>Mo\u017cliwo\u015b\u0107 roz\u0142o\u017cenia ods\u0142uch\u00f3w na wybrane utwory w obr\u0119bie playlisty,<\/p>\n<p>Opcjonalne targetowanie region\u00f3w (np. USA, Polska, Europa),<\/p>\n<p>Naturalny przyrost odtworze\u0144 \u2013 bezpieczny dla konta i tre\u015bci,<\/p>\n<p>Realizacja zgodna z polityk\u0105 Tidal \u2013 bez ryzyka dla Twojego profilu.<\/p>\n<p>Dla kogo?<\/p>\n<p>Dla artyst\u00f3w buduj\u0105cych playlisty z w\u0142asnymi utworami,<\/p>\n<p>Dla kurator\u00f3w i marek tworz\u0105cych listy tematyczne lub promocyjne,<\/p>\n<p>Dla mened\u017cer\u00f3w i agencji realizuj\u0105cych kampanie muzyczne.<\/p>\n<p>Dlaczego warto?<\/p>\n<p>Wi\u0119cej odtworze\u0144 = wi\u0119ksza szansa na organiczne wzrosty i lepsze pozycjonowanie,<\/p>\n<p>Budowanie wiarygodno\u015bci playlisty jako \u017ar\u00f3d\u0142a rekomendacji,<\/p>","protected":false},"excerpt":{"rendered":"<p>Zwi\u0119ksz realnie liczb\u0119 odtworze\u0144 swojej playlisty na Tidal \u2013 zyskaj zasi\u0119g, presti\u017c i przyci\u0105gnij nowych s\u0142uchaczy!<\/p>","protected":false},"featured_media":13167,"comment_status":"open","ping_status":"closed","template":"","meta":[],"product_brand":[],"product_cat":[130],"product_tag":[],"class_list":{"0":"post-12716","1":"product","2":"type-product","3":"status-publish","4":"has-post-thumbnail","6":"product_cat-tidal","8":"first","9":"instock","10":"sale","11":"taxable","12":"shipping-taxable","13":"purchasable","14":"product-type-variable"},"_links":{"self":[{"href":"https:\/\/social-market.pl\/tr\/wp-json\/wp\/v2\/product\/12716","targetHints":{"allow":["GET"]}}],"collection":[{"href":"https:\/\/social-market.pl\/tr\/wp-json\/wp\/v2\/product"}],"about":[{"href":"https:\/\/social-market.pl\/tr\/wp-json\/wp\/v2\/types\/product"}],"replies":[{"embeddable":true,"href":"https:\/\/social-market.pl\/tr\/wp-json\/wp\/v2\/comments?post=12716"}],"wp:featuredmedia":[{"embeddable":true,"href":"https:\/\/social-market.pl\/tr\/wp-json\/wp\/v2\/media\/13167"}],"wp:attachment":[{"href":"https:\/\/social-market.pl\/tr\/wp-json\/wp\/v2\/media?parent=12716"}],"wp:term":[{"taxonomy":"product_brand","embeddable":true,"href":"https:\/\/social-market.pl\/tr\/wp-json\/wp\/v2\/product_brand?post=12716"},{"taxonomy":"product_cat","embeddable":true,"href":"https:\/\/social-market.pl\/tr\/wp-json\/wp\/v2\/product_cat?post=12716"},{"taxonomy":"product_tag","embeddable":true,"href":"https:\/\/social-market.pl\/tr\/wp-json\/wp\/v2\/product_tag?post=12716"}],"curies":[{"name":"wp","href":"https:\/\/api.w.org\/{rel}","templated":true}]}}