{"id":7430,"date":"2021-02-18T15:41:00","date_gmt":"2021-02-18T15:41:00","guid":{"rendered":"https:\/\/social-market.pl\/?post_type=product&#038;p=7430"},"modified":"2023-12-01T12:22:58","modified_gmt":"2023-12-01T11:22:58","slug":"obserwujacy-followers-linkedin","status":"publish","type":"product","link":"https:\/\/social-market.pl\/tr\/obserwujacy-followers-linkedin\/","title":{"rendered":"LinkedIn takip\u00e7ileri"},"content":{"rendered":"<h2 style=\"text-align: center;\">Dlaczego warto kupi\u0107 obserwuj\u0105cych (followers) na LinkedIn?<\/h2>\n<p>Mimo, \u017ce wi\u0119kszo\u015b\u0107 os\u00f3b korzysta z LinkedIn z powod\u00f3w korporacyjnych, nadal uwa\u017ca si\u0119 go za platform\u0119 medi\u00f3w spo\u0142eczno\u015bciowych. Algorytmy stoj\u0105ce za jego postami, polubieniami, komentarzami s\u0105 podobne do tych spotykanych na Instagramie czy Facebooku. R\u00f3\u017cnica polega na tym, \u017ce publikacje powinny wpasowywa\u0107 si\u0119 w tematyk\u0119 biznesow\u0105.<\/p>\n<p>W celu zdobycia popularno\u015bci na LinkedIn, musisz zwi\u0119kszy\u0107 liczb\u0119 swoich obserwuj\u0105cych, kt\u00f3rzy b\u0119d\u0105 zalewa\u0107 Twoje wpisy nowymi polubieniami i komentarzami. To najlepszy i zarazem najprostszy spos\u00f3b na zdobycie popularno\u015bci i rozkr\u0119cenie profilu. Obserwuj\u0105cy (followers) LinkedIn pochodz\u0105 z ca\u0142ego \u015bwiata!<\/p>\n<p>&nbsp;<\/p>\n<h2 style=\"text-align: center;\">Jak kupowa\u0107 obserwuj\u0105cych (followers) na LinkedIn?<\/h2>\n<p>Teraz, gdy znasz ju\u017c szczeg\u00f3\u0142y naszych us\u0142ug i wiesz dlaczego powiniene\u015b z nich skorzysta\u0107, poka\u017cemy Ci jak to zrobi\u0107. Post\u0119puj zgodnie z naszym przewodnikiem krok po kroku, aby pomy\u015blnie zako\u0144czy\u0107 p\u0142atno\u015b\u0107. Oto kroki:<\/p>\n<p>1. Wybierz interesuj\u0105cy Ci\u0119 pakiet.<\/p>\n<p>2. Wklej adres URL w wyznaczonym polu.<\/p>\n<p>3. Zap\u0142a\u0107 online za pomoc\u0105 najbezpieczniejszych dost\u0119pnych metod p\u0142atno\u015bci. Po otrzymaniu Twojej transakcji natychmiast rozpoczniemy realizacj\u0119 zam\u00f3wienia.<\/p>\n<p>&nbsp;<\/p>\n<h2 style=\"text-align: center;\">Dlaczego Social-Market.pl?<\/h2>\n<p>Social-Market.pl to miejsce, w kt\u00f3rym dokonasz w pe\u0142ni bezpiecznego i pewnego zakupu. Ca\u0142y proces zakupu jest dziecinnie prosty, jednak zdajemy sobie spraw\u0119 z nieoczekiwanych problem\u00f3w. Dlatego bez obaw \u2013 jeste\u015bmy do Twojej dyspozycji 24\/7 i zapewniamy pomoc na ka\u017cdym kroku.<\/p>","protected":false},"excerpt":{"rendered":"<p>Wzrost o wybran\u0105 liczb\u0119 obserwuj\u0105cych na Linkedin<\/p>","protected":false},"featured_media":7431,"comment_status":"open","ping_status":"closed","template":"","meta":[],"product_brand":[],"product_cat":[103],"product_tag":[],"class_list":{"0":"post-7430","1":"product","2":"type-product","3":"status-publish","4":"has-post-thumbnail","6":"product_cat-linkedin","8":"first","9":"instock","10":"sale","11":"taxable","12":"shipping-taxable","13":"purchasable","14":"product-type-variable"},"_links":{"self":[{"href":"https:\/\/social-market.pl\/tr\/wp-json\/wp\/v2\/product\/7430","targetHints":{"allow":["GET"]}}],"collection":[{"href":"https:\/\/social-market.pl\/tr\/wp-json\/wp\/v2\/product"}],"about":[{"href":"https:\/\/social-market.pl\/tr\/wp-json\/wp\/v2\/types\/product"}],"replies":[{"embeddable":true,"href":"https:\/\/social-market.pl\/tr\/wp-json\/wp\/v2\/comments?post=7430"}],"wp:featuredmedia":[{"embeddable":true,"href":"https:\/\/social-market.pl\/tr\/wp-json\/wp\/v2\/media\/7431"}],"wp:attachment":[{"href":"https:\/\/social-market.pl\/tr\/wp-json\/wp\/v2\/media?parent=7430"}],"wp:term":[{"taxonomy":"product_brand","embeddable":true,"href":"https:\/\/social-market.pl\/tr\/wp-json\/wp\/v2\/product_brand?post=7430"},{"taxonomy":"product_cat","embeddable":true,"href":"https:\/\/social-market.pl\/tr\/wp-json\/wp\/v2\/product_cat?post=7430"},{"taxonomy":"product_tag","embeddable":true,"href":"https:\/\/social-market.pl\/tr\/wp-json\/wp\/v2\/product_tag?post=7430"}],"curies":[{"name":"wp","href":"https:\/\/api.w.org\/{rel}","templated":true}]}}