{"id":7462,"date":"2021-02-18T16:06:13","date_gmt":"2021-02-18T16:06:13","guid":{"rendered":"https:\/\/social-market.pl\/?post_type=product&#038;p=7462"},"modified":"2024-10-12T17:43:13","modified_gmt":"2024-10-12T15:43:13","slug":"lajki-like-na-twitterze","status":"publish","type":"product","link":"https:\/\/social-market.pl\/tr\/lajki-like-na-twitterze\/","title":{"rendered":"Twitter'da Be\u011feniler"},"content":{"rendered":"<h2 style=\"text-align: center;\">Dlaczego warto kupi\u0107 lajki (like) na Twitterze?<\/h2>\n<p>Aby pozyska\u0107 du\u017co like musisz opublikowa\u0107 co\u015b zabawnego i chwytliwego. Najlepiej jedno i drugie! Nie zapomnij o dodawaniu przemy\u015blanych hasztag\u00f3w! Najszybszym sposobem na zdobycie popularno\u015bci na platformie jest kupowanie polubie\u0144 na Twitterze.<\/p>\n<p>Twitter rozwija si\u0119 niezwykle szybko. Znaczna wi\u0119kszo\u015b\u0107 os\u00f3b korzystaj\u0105cych z medi\u00f3w spo\u0142eczno\u015bciowych jest na Twitterze, w tym firmy, celebryci, politycy i wiele innych. W obecnych czasach Twitter ma znaczny wp\u0142yw na pogl\u0105dy swoich u\u017cytkownik\u00f3w. Pami\u0119taj, \u017ce Twoje zam\u00f3wienie zrealizujemy najszybciej jak to mo\u017cliwe. Je\u015bli zastanawiasz si\u0119 jak kupi\u0107 lajki na Twitterze, kontynuuj czytanie! Lajki (like) na Twitterze pochodz\u0105 z ca\u0142ego \u015bwiata!<\/p>\n<p>&nbsp;<\/p>\n<h2 style=\"text-align: center;\">Jak kupowa\u0107 lajki (like) na Twitterze?<\/h2>\n<p>Teraz, gdy znasz ju\u017c szczeg\u00f3\u0142y naszych us\u0142ug i wiesz dlaczego powiniene\u015b z nich skorzysta\u0107, poka\u017cemy Ci jak to zrobi\u0107. Post\u0119puj zgodnie z naszym przewodnikiem krok po kroku, aby pomy\u015blnie zako\u0144czy\u0107 p\u0142atno\u015b\u0107. Oto kroki:<\/p>\n<p>1. Wybierz interesuj\u0105cy Ci\u0119 pakiet.<\/p>\n<p>2. Wklej adres URL w wyznaczonym polu.<\/p>\n<p>3. Zap\u0142a\u0107 online za pomoc\u0105 najbezpieczniejszych dost\u0119pnych metod p\u0142atno\u015bci. Po otrzymaniu Twojej transakcji natychmiast rozpoczniemy realizacj\u0119 zam\u00f3wienia.<\/p>\n<p>&nbsp;<\/p>\n<h2 style=\"text-align: center;\">Dlaczego Social-Market.pl?<\/h2>\n<p>Social-Market.pl to miejsce, w kt\u00f3rym dokonasz w pe\u0142ni bezpiecznego i pewnego zakupu. Ca\u0142y proces zakupu jest dziecinnie prosty, jednak zdajemy sobie spraw\u0119 z nieoczekiwanych problem\u00f3w. Dlatego bez obaw \u2013 jeste\u015bmy do Twojej dyspozycji 24\/7 i zapewniamy pomoc na ka\u017cdym kroku.<\/p>","protected":false},"excerpt":{"rendered":"<p>Wzrost o wybran\u0105 liczb\u0119 polubie\u0144 (like) pod wskazanym postem na Twitterze \/ platformie X<\/p>","protected":false},"featured_media":7463,"comment_status":"open","ping_status":"closed","template":"","meta":[],"product_brand":[],"product_cat":[105],"product_tag":[],"class_list":{"0":"post-7462","1":"product","2":"type-product","3":"status-publish","4":"has-post-thumbnail","6":"product_cat-twitter","8":"first","9":"instock","10":"sale","11":"taxable","12":"shipping-taxable","13":"purchasable","14":"product-type-variable"},"_links":{"self":[{"href":"https:\/\/social-market.pl\/tr\/wp-json\/wp\/v2\/product\/7462","targetHints":{"allow":["GET"]}}],"collection":[{"href":"https:\/\/social-market.pl\/tr\/wp-json\/wp\/v2\/product"}],"about":[{"href":"https:\/\/social-market.pl\/tr\/wp-json\/wp\/v2\/types\/product"}],"replies":[{"embeddable":true,"href":"https:\/\/social-market.pl\/tr\/wp-json\/wp\/v2\/comments?post=7462"}],"wp:featuredmedia":[{"embeddable":true,"href":"https:\/\/social-market.pl\/tr\/wp-json\/wp\/v2\/media\/7463"}],"wp:attachment":[{"href":"https:\/\/social-market.pl\/tr\/wp-json\/wp\/v2\/media?parent=7462"}],"wp:term":[{"taxonomy":"product_brand","embeddable":true,"href":"https:\/\/social-market.pl\/tr\/wp-json\/wp\/v2\/product_brand?post=7462"},{"taxonomy":"product_cat","embeddable":true,"href":"https:\/\/social-market.pl\/tr\/wp-json\/wp\/v2\/product_cat?post=7462"},{"taxonomy":"product_tag","embeddable":true,"href":"https:\/\/social-market.pl\/tr\/wp-json\/wp\/v2\/product_tag?post=7462"}],"curies":[{"name":"wp","href":"https:\/\/api.w.org\/{rel}","templated":true}]}}