{"id":9560,"date":"2025-06-11T21:30:33","date_gmt":"2025-06-11T19:30:33","guid":{"rendered":"https:\/\/social-market.pl\/?post_type=product&#038;p=9560"},"modified":"2025-06-11T22:07:22","modified_gmt":"2025-06-11T20:07:22","slug":"instagram-zaangazowanie-udostepnienia-posta","status":"publish","type":"product","link":"https:\/\/social-market.pl\/tr\/instagram-zaangazowanie-udostepnienia-posta\/","title":{"rendered":"Instagram zaanga\u017cowanie + udost\u0119pnienia posta"},"content":{"rendered":"<p>Zwi\u0119ksz autentyczne zaanga\u017cowanie pod swoimi postami dzi\u0119ki us\u0142udze Instagram Engagement + Shares! To idealne rozwi\u0105zanie dla os\u00f3b, kt\u00f3re chc\u0105 poprawi\u0107 widoczno\u015b\u0107 swoich tre\u015bci, zdoby\u0107 wi\u0119ksze zaufanie odbiorc\u00f3w i przyci\u0105gn\u0105\u0107 organiczny ruch do swojego profilu.<\/p>\n<p>W ramach tej us\u0142ugi otrzymujesz:<\/p>\n<p>Zaanga\u017cowanie (engagement) \u2013 miks lajk\u00f3w, komentarzy i zapis\u00f3w, kt\u00f3ry pozytywnie wp\u0142ywa na algorytm Instagrama.<\/p>\n<p>Udost\u0119pnienia posta (shares) \u2013 Twoje tre\u015bci s\u0105 szerzej dystrybuowane, co zwi\u0119ksza ich zasi\u0119g i szans\u0119 na viral.<\/p>\n<p>Udost\u0119pnienia to jeden z najmocniejszych sygna\u0142\u00f3w dla algorytmu, a \u0142\u0105cz\u0105c je z r\u00f3\u017cnorodnym zaanga\u017cowaniem, Twoje posty b\u0119d\u0105 cz\u0119\u015bciej promowane w eksploracji i relacjach u\u017cytkownik\u00f3w. To \u015bwietny wyb\u00f3r dla influencer\u00f3w, firm, tw\u00f3rc\u00f3w i wszystkich, kt\u00f3rzy chc\u0105 kompleksowo rozwija\u0107 sw\u00f3j profil.<\/p>\n<p>Nie wymagamy logowania ani danych dost\u0119powych. Wystarczy link do posta \u2013 reszt\u0105 zajmiemy si\u0119 my. Zwi\u0119ksz swoj\u0105 obecno\u015b\u0107 w social media i wyr\u00f3\u017cnij si\u0119 na tle konkurencji!<\/p>","protected":false},"excerpt":{"rendered":"<p>Zwi\u0119ksz zaanga\u017cowanie i udost\u0119pnienia pod postem na Instagramie poprzez link do posta \u2013 wi\u0119cej aktywno\u015bci, wi\u0119kszy zasi\u0119g, lepsze efekty!<\/p>","protected":false},"featured_media":9584,"comment_status":"open","ping_status":"closed","template":"","meta":[],"product_brand":[],"product_cat":[97],"product_tag":[],"class_list":{"0":"post-9560","1":"product","2":"type-product","3":"status-publish","4":"has-post-thumbnail","6":"product_cat-instagram","8":"first","9":"instock","10":"sale","11":"taxable","12":"shipping-taxable","13":"purchasable","14":"product-type-variable"},"_links":{"self":[{"href":"https:\/\/social-market.pl\/tr\/wp-json\/wp\/v2\/product\/9560","targetHints":{"allow":["GET"]}}],"collection":[{"href":"https:\/\/social-market.pl\/tr\/wp-json\/wp\/v2\/product"}],"about":[{"href":"https:\/\/social-market.pl\/tr\/wp-json\/wp\/v2\/types\/product"}],"replies":[{"embeddable":true,"href":"https:\/\/social-market.pl\/tr\/wp-json\/wp\/v2\/comments?post=9560"}],"wp:featuredmedia":[{"embeddable":true,"href":"https:\/\/social-market.pl\/tr\/wp-json\/wp\/v2\/media\/9584"}],"wp:attachment":[{"href":"https:\/\/social-market.pl\/tr\/wp-json\/wp\/v2\/media?parent=9560"}],"wp:term":[{"taxonomy":"product_brand","embeddable":true,"href":"https:\/\/social-market.pl\/tr\/wp-json\/wp\/v2\/product_brand?post=9560"},{"taxonomy":"product_cat","embeddable":true,"href":"https:\/\/social-market.pl\/tr\/wp-json\/wp\/v2\/product_cat?post=9560"},{"taxonomy":"product_tag","embeddable":true,"href":"https:\/\/social-market.pl\/tr\/wp-json\/wp\/v2\/product_tag?post=9560"}],"curies":[{"name":"wp","href":"https:\/\/api.w.org\/{rel}","templated":true}]}}