{"id":9575,"date":"2025-06-11T21:30:35","date_gmt":"2025-06-11T19:30:35","guid":{"rendered":"https:\/\/social-market.pl\/?post_type=product&#038;p=9575"},"modified":"2025-06-11T22:03:15","modified_gmt":"2025-06-11T20:03:15","slug":"facebook-pozytywne-komentarze-losowe","status":"publish","type":"product","link":"https:\/\/social-market.pl\/tr\/facebook-pozytywne-komentarze-losowe\/","title":{"rendered":"Facebook pozytywne komentarze losowe"},"content":{"rendered":"<p>Wzmocnij wizerunek swoich post\u00f3w dzi\u0119ki us\u0142udze Facebook Pozytywne Komentarze Losowe. To idealne rozwi\u0105zanie, je\u015bli chcesz, by Twoje tre\u015bci budzi\u0142y pozytywne skojarzenia, przyci\u0105ga\u0142y uwag\u0119 i wygl\u0105da\u0142y na ch\u0119tnie komentowane przez realnych u\u017cytkownik\u00f3w.<\/p>\n<p>Komentarze losowe, ale utrzymane w pozytywnym i przyjaznym tonie, wzmacniaj\u0105 zaufanie do Twojego profilu, marki lub produktu. \u015awietnie sprawdzaj\u0105 si\u0119 zar\u00f3wno pod postami promocyjnymi, jak i prywatnymi publikacjami, dodaj\u0105c im spo\u0142ecznego dowodu s\u0142uszno\u015bci (social proof).<\/p>\n<p>Dlaczego warto?<\/p>\n<p>Tworzysz pozytywny wizerunek w oczach odbiorc\u00f3w.<\/p>\n<p>Zwi\u0119kszasz zaanga\u017cowanie pod postem.<\/p>\n<p>Pomagasz algorytmowi promowa\u0107 Twoj\u0105 tre\u015b\u0107 szerzej.<\/p>\n<p>Komentarze pochodz\u0105 od realnych kont, a ich tre\u015b\u0107 jest zr\u00f3\u017cnicowana, naturalna i dopasowana do og\u00f3lnego, pozytywnego przekazu. Nie wymagamy logowania \u2013 wystarczy link do posta.<\/p>","protected":false},"excerpt":{"rendered":"<p>Dodaj pozytywne, naturalnie wygl\u0105daj\u0105ce komentarze pod swoimi postami na Facebooku \u2013 wi\u0119cej zaanga\u017cowania, lepszy wizerunek, realni u\u017cytkownicy!<\/p>","protected":false},"featured_media":9596,"comment_status":"open","ping_status":"closed","template":"","meta":[],"product_brand":[],"product_cat":[96],"product_tag":[],"class_list":{"0":"post-9575","1":"product","2":"type-product","3":"status-publish","4":"has-post-thumbnail","6":"product_cat-facebook","8":"first","9":"instock","10":"sale","11":"taxable","12":"shipping-taxable","13":"purchasable","14":"product-type-variable"},"_links":{"self":[{"href":"https:\/\/social-market.pl\/tr\/wp-json\/wp\/v2\/product\/9575","targetHints":{"allow":["GET"]}}],"collection":[{"href":"https:\/\/social-market.pl\/tr\/wp-json\/wp\/v2\/product"}],"about":[{"href":"https:\/\/social-market.pl\/tr\/wp-json\/wp\/v2\/types\/product"}],"replies":[{"embeddable":true,"href":"https:\/\/social-market.pl\/tr\/wp-json\/wp\/v2\/comments?post=9575"}],"wp:featuredmedia":[{"embeddable":true,"href":"https:\/\/social-market.pl\/tr\/wp-json\/wp\/v2\/media\/9596"}],"wp:attachment":[{"href":"https:\/\/social-market.pl\/tr\/wp-json\/wp\/v2\/media?parent=9575"}],"wp:term":[{"taxonomy":"product_brand","embeddable":true,"href":"https:\/\/social-market.pl\/tr\/wp-json\/wp\/v2\/product_brand?post=9575"},{"taxonomy":"product_cat","embeddable":true,"href":"https:\/\/social-market.pl\/tr\/wp-json\/wp\/v2\/product_cat?post=9575"},{"taxonomy":"product_tag","embeddable":true,"href":"https:\/\/social-market.pl\/tr\/wp-json\/wp\/v2\/product_tag?post=9575"}],"curies":[{"name":"wp","href":"https:\/\/api.w.org\/{rel}","templated":true}]}}