{"id":9618,"date":"2025-06-11T21:36:22","date_gmt":"2025-06-11T19:36:22","guid":{"rendered":"https:\/\/social-market.pl\/?post_type=product&#038;p=9618"},"modified":"2025-06-11T22:02:54","modified_gmt":"2025-06-11T20:02:54","slug":"tiktok-pobrania-video","status":"publish","type":"product","link":"https:\/\/social-market.pl\/tr\/tiktok-pobrania-video\/","title":{"rendered":"TikTok pobrania video"},"content":{"rendered":"<p>Zwi\u0119ksz wiarygodno\u015b\u0107 i zasi\u0119g swoich film\u00f3w dzi\u0119ki us\u0142udze TikTok \u2013 Pobrania Wideo (Downloads). Liczba pobra\u0144 to cz\u0119sto niedoceniany, a niezwykle istotny sygna\u0142 zaanga\u017cowania widz\u00f3w. Gdy u\u017cytkownicy pobieraj\u0105 Twoje wideo, TikTok rozpoznaje je jako warto\u015bciowe i ch\u0119tniej promuje je w algorytmie.<\/p>\n<p>Nasza us\u0142uga zapewnia:<\/p>\n<p>Realne pobrania filmu przez aktywnych u\u017cytkownik\u00f3w,<\/p>\n<p>Wzrost szansy na viral poprzez dodatkowe sygna\u0142y do algorytmu,<\/p>\n<p>Wzmocnienie wizerunku popularnych i ch\u0119tnie udost\u0119pnianych tre\u015bci.<\/p>\n<p>To idealne rozwi\u0105zanie dla influencer\u00f3w, firm i tw\u00f3rc\u00f3w, kt\u00f3rzy chc\u0105:<\/p>\n<p>zwi\u0119kszy\u0107 zaufanie do publikowanego contentu,<\/p>\n<p>poprawi\u0107 wyniki organiczne,<\/p>\n<p>podnie\u015b\u0107 statystyki przy wsp\u00f3\u0142pracy z markami.<\/p>\n<p>Dlaczego warto?<\/p>\n<p>TikTok traktuje pobrania jako bardzo mocny sygna\u0142 jako\u015bci filmu,<\/p>\n<p>Im wi\u0119cej pobra\u0144, tym wi\u0119ksza szansa na dalsze udost\u0119pnienia poza platform\u0105,<\/p>\n<p>Realne dane poprawiaj\u0105 percepcj\u0119 warto\u015bci contentu.<\/p>","protected":false},"excerpt":{"rendered":"<p>Zdob\u0105d\u017a realne pobrania swojego wideo TikTok \u2013 zwi\u0119ksz wiarygodno\u015b\u0107 i popraw zasi\u0119g dzi\u0119ki sygna\u0142om algorytmu!<\/p>","protected":false},"featured_media":9637,"comment_status":"open","ping_status":"closed","template":"","meta":[],"product_brand":[],"product_cat":[95],"product_tag":[],"class_list":{"0":"post-9618","1":"product","2":"type-product","3":"status-publish","4":"has-post-thumbnail","6":"product_cat-tiktok","8":"first","9":"instock","10":"sale","11":"taxable","12":"shipping-taxable","13":"purchasable","14":"product-type-variable"},"_links":{"self":[{"href":"https:\/\/social-market.pl\/tr\/wp-json\/wp\/v2\/product\/9618","targetHints":{"allow":["GET"]}}],"collection":[{"href":"https:\/\/social-market.pl\/tr\/wp-json\/wp\/v2\/product"}],"about":[{"href":"https:\/\/social-market.pl\/tr\/wp-json\/wp\/v2\/types\/product"}],"replies":[{"embeddable":true,"href":"https:\/\/social-market.pl\/tr\/wp-json\/wp\/v2\/comments?post=9618"}],"wp:featuredmedia":[{"embeddable":true,"href":"https:\/\/social-market.pl\/tr\/wp-json\/wp\/v2\/media\/9637"}],"wp:attachment":[{"href":"https:\/\/social-market.pl\/tr\/wp-json\/wp\/v2\/media?parent=9618"}],"wp:term":[{"taxonomy":"product_brand","embeddable":true,"href":"https:\/\/social-market.pl\/tr\/wp-json\/wp\/v2\/product_brand?post=9618"},{"taxonomy":"product_cat","embeddable":true,"href":"https:\/\/social-market.pl\/tr\/wp-json\/wp\/v2\/product_cat?post=9618"},{"taxonomy":"product_tag","embeddable":true,"href":"https:\/\/social-market.pl\/tr\/wp-json\/wp\/v2\/product_tag?post=9618"}],"curies":[{"name":"wp","href":"https:\/\/api.w.org\/{rel}","templated":true}]}}